{"id":2235,"date":"2023-09-24T05:48:48","date_gmt":"2023-09-24T05:48:48","guid":{"rendered":"https:\/\/themeholy.com\/wordpress\/artraz\/?page_id=18"},"modified":"2024-08-23T10:03:22","modified_gmt":"2024-08-23T10:03:22","slug":"despre-noi","status":"publish","type":"page","link":"https:\/\/gmh-interiors.com\/en\/despre-noi\/","title":{"rendered":"About Us"},"content":{"rendered":"<div data-elementor-type=\"wp-page\" data-elementor-id=\"2235\" class=\"elementor elementor-2235\">\n\t\t\t\t<div class=\"elementor-element elementor-element-d81d899 e-con-full e-flex e-con e-parent\" data-id=\"d81d899\" data-element_type=\"container\" data-e-type=\"container\">\n\t\t\t\t<div class=\"elementor-element elementor-element-285027f elementor-widget elementor-widget-artrazshapeimage\" data-id=\"285027f\" data-element_type=\"widget\" data-e-type=\"widget\" data-widget_type=\"artrazshapeimage.default\">\n\t\t\t\t<div class=\"elementor-widget-container\">\n\t\t\t\t\t<!-- Image --><div class=\"shape-mockup  jump\" data-top=\"0.1%\" data-right=\"0.1%\"><img decoding=\"async\" src=\"https:\/\/themeholy.com\/wordpress\/artraz\/wp-content\/uploads\/2023\/09\/shape_3.png\" alt=\"GMH Interiors\" ><\/div><!-- End Image -->\t\t\t\t<\/div>\n\t\t\t\t<\/div>\n\t\t<div class=\"elementor-element elementor-element-57a31d4 e-flex e-con-boxed e-con e-child\" data-id=\"57a31d4\" data-element_type=\"container\" data-e-type=\"container\">\n\t\t\t\t\t<div class=\"e-con-inner\">\n\t\t<div class=\"elementor-element elementor-element-c976db6 e-con-full animated-slow e-flex elementor-invisible e-con e-child\" data-id=\"c976db6\" data-element_type=\"container\" data-e-type=\"container\" data-settings=\"{&quot;animation&quot;:&quot;slideInUp&quot;,&quot;animation_delay&quot;:0}\">\n\t\t\t\t<div class=\"elementor-element elementor-element-447299b elementor-widget elementor-widget-artrazimage\" data-id=\"447299b\" data-element_type=\"widget\" data-e-type=\"widget\" data-widget_type=\"artrazimage.default\">\n\t\t\t\t<div class=\"elementor-widget-container\">\n\t\t\t\t\t\n\t\t\t\t\t<div class=\"img-box3\">\n\t\t\t\t<div class=\"img1\">\n\t\t\t\t\t<img decoding=\"async\" src=\"https:\/\/gmh-interiors.com\/wp-content\/uploads\/2024\/08\/image00002.jpeg\" alt=\"image00002\"  \/>\t\t\t\t<\/div>\n\t\t\t\t<div class=\"img2\">\n\t\t\t\t\t<img decoding=\"async\" src=\"\" alt=\"\"  \/>\t\t\t\t<\/div>\n\t\t\t<\/div>\n\t\t\t\t\t\t<\/div>\n\t\t\t\t<\/div>\n\t\t\t\t<\/div>\n\t\t<div class=\"elementor-element elementor-element-24eccb5 e-con-full animated-slow e-flex elementor-invisible e-con e-child\" data-id=\"24eccb5\" data-element_type=\"container\" data-e-type=\"container\" data-settings=\"{&quot;animation&quot;:&quot;slideInUp&quot;,&quot;animation_delay&quot;:0}\">\n\t\t\t\t<div class=\"elementor-element elementor-element-7c97cc3 elementor-widget elementor-widget-artrazsectiontitle\" data-id=\"7c97cc3\" data-element_type=\"widget\" data-e-type=\"widget\" data-widget_type=\"artrazsectiontitle.default\">\n\t\t\t\t<div class=\"elementor-widget-container\">\n\t\t\t\t\t\t\t<div class=\"sec-title-area\">\n\n\t\t\t<span class=\"sub-title e-sub-title\">GMH Interiors<\/span><h2 class=\"sec-title\">About <span class=\"text-theme\">Us<\/span><\/h2>\t\t<\/div>\n\n\t\t\t\t\t<\/div>\n\t\t\t\t<\/div>\n\t\t\t\t<div class=\"elementor-element elementor-element-d117e11 elementor-widget elementor-widget-text-editor\" data-id=\"d117e11\" data-element_type=\"widget\" data-e-type=\"widget\" data-widget_type=\"text-editor.default\">\n\t\t\t\t<div class=\"elementor-widget-container\">\n\t\t\t\t\t\t\t\t\t<p>We are a family business with roots near Bucharest, Romania. Founded in 2017, out of  passion for beauty and wood, we are now a global company designed to meet the most demanding requirements. Passion and aspirations motivated us, and thus, we ended up working with the most prestigious companies in the field of interior design, both in the naval and civil construction fields.<\/p><p>With spirit of innovation, we create standards for all living spaces, be it homes, offices, hotels or boats of all types. During the process, we work hand-in-hand with our clients to ensure their visions are realized, budget met and execution deadlines are met.<\/p><p>Every residence and boat we equip represents a perfect union of experience, professionalism and quality at the highest level.<\/p>\t\t\t\t\t\t\t\t<\/div>\n\t\t\t\t<\/div>\n\t\t\t\t<div class=\"elementor-element elementor-element-e439949 elementor-widget elementor-widget-artrazbutton\" data-id=\"e439949\" data-element_type=\"widget\" data-e-type=\"widget\" data-widget_type=\"artrazbutton.default\">\n\t\t\t\t<div class=\"elementor-widget-container\">\n\t\t\t\t\t<div class=\"btn-wrapper left\"><a class=\"th-btn e-btn\" href=\"\/en\/contact\/\"><span class=\"line left\"><\/span>Contact Us<span class=\"line\"><\/span><\/a><\/div>\t\t\t\t<\/div>\n\t\t\t\t<\/div>\n\t\t\t\t<\/div>\n\t\t\t\t\t<\/div>\n\t\t\t\t<\/div>\n\t\t\t\t<\/div>\n\t\t<div class=\"elementor-element elementor-element-ce3363c e-con-full animated-slow e-flex elementor-invisible e-con e-parent\" data-id=\"ce3363c\" data-element_type=\"container\" data-e-type=\"container\" data-settings=\"{&quot;animation&quot;:&quot;slideInUp&quot;}\">\n\t\t\t\t<div class=\"elementor-element elementor-element-b5d2fae elementor-widget elementor-widget-artraztestimonialslider\" data-id=\"b5d2fae\" data-element_type=\"widget\" data-e-type=\"widget\" data-widget_type=\"artraztestimonialslider.default\">\n\t\t\t\t<div class=\"elementor-widget-container\">\n\t\t\t\t\t\t\t            <section class=\"position-relative overflow-hidden\">\n        <div class=\"testi-video-slide th-carousel\" id=\"testiVideo\" data-asnavfor=\"#testiSlide1\" data-slide-show=\"1\" data-fade=\"true\">\n                        <div>\n                                <div class=\"testi-video\">\n                    <img decoding=\"async\" src=\"https:\/\/gmh-interiors.com\/wp-content\/uploads\/2024\/08\/about-testimon.jpg\" alt=\"about testimon\"  \/>                    <a href=\"#\" class=\"play-btn style2 popup-video\"><i class=\"fas fa-play\"><\/i><\/a>\n                <\/div>\n            <\/div>\n                        <div>\n                                <div class=\"testi-video\">\n                    <img decoding=\"async\" src=\"https:\/\/gmh-interiors.com\/wp-content\/uploads\/2024\/08\/about-testim-2.jpg\" alt=\"about testim 2\"  \/>                    <a href=\"#\" class=\"play-btn style2 popup-video\"><i class=\"fas fa-play\"><\/i><\/a>\n                <\/div>\n            <\/div>\n                        <div>\n                                <div class=\"testi-video\">\n                    <img decoding=\"async\" src=\"https:\/\/gmh-interiors.com\/wp-content\/uploads\/2024\/08\/about-testim-3.jpg\" alt=\"about testim 3\"  \/>                    <a href=\"#\" class=\"play-btn style2 popup-video\"><i class=\"fas fa-play\"><\/i><\/a>\n                <\/div>\n            <\/div>\n                    <\/div>\n        <div class=\"testi-box-area\">\n            <div class=\"testi-box-wrap\">\n                                    <h3 class=\"text-uppercase mt-n2 mb-30 testi-sec-title\">Customers <span class=\"text-transparent\">experiences<\/span><\/h3>\n                                <div class=\"row testi-box-slide th-carousel\" id=\"testiSlide1\" data-asnavfor=\"#testiVideo\" data-slide-show=\"1\" data-fade=\"true\">\n                                        <div class=\"col-lg-6\">\n                        <div class=\"testi-box\">\n                                                            <p class=\"testi-box_text testi-text\">\"We had an amazing experience with GMH Interiors! The team was extremely professional and creative, completely transforming our space. From consultation to implementation, everything was flawless. Highly recommend!\"<\/p>\n                                                        <div class=\"testi-box_profile\">\n                                <div class=\"testi-box_img\">\n                                    <img decoding=\"async\" src=\"\" alt=\"\"  \/>                                <\/div>\n                                <div class=\"testi-box_info\">\n                                                                            <h3 class=\"testi-box_name\">Andreea P.<\/h3>\n                                                                                                        <\/div>\n                            <\/div>\n                            <div class=\"testi-box_icon\">\n                                <img decoding=\"async\" src=\"https:\/\/themeholy.com\/wordpress\/artraz\/wp-content\/uploads\/2023\/09\/testi_icon_1.svg\" alt=\"testi_icon_1\"  \/>                            <\/div>\n                        <\/div>\n                    <\/div>\n                                        <div class=\"col-lg-6\">\n                        <div class=\"testi-box\">\n                                                            <p class=\"testi-box_text testi-text\">\"GMH Interiors transformed our home into a modern and comfortable place. The team paid great attention to detail and understood our wishes perfectly. We are extremely satisfied with the result and couldn't be happier!\"<\/p>\n                                                        <div class=\"testi-box_profile\">\n                                <div class=\"testi-box_img\">\n                                    <img decoding=\"async\" src=\"\" alt=\"\"  \/>                                <\/div>\n                                <div class=\"testi-box_info\">\n                                                                            <h3 class=\"testi-box_name\">Marius S.<\/h3>\n                                                                                                        <\/div>\n                            <\/div>\n                            <div class=\"testi-box_icon\">\n                                <img decoding=\"async\" src=\"https:\/\/themeholy.com\/wordpress\/artraz\/wp-content\/uploads\/2023\/09\/testi_icon_1.svg\" alt=\"testi_icon_1\"  \/>                            <\/div>\n                        <\/div>\n                    <\/div>\n                                        <div class=\"col-lg-6\">\n                        <div class=\"testi-box\">\n                                                            <p class=\"testi-box_text testi-text\">\"We worked with GMH Interiors to renovate our apartment and we are absolutely delighted with the result. The design is sophisticated and functional, exactly what we wanted. The service was professional and the communication was excellent throughout the project.\"<\/p>\n                                                        <div class=\"testi-box_profile\">\n                                <div class=\"testi-box_img\">\n                                    <img decoding=\"async\" src=\"\" alt=\"\"  \/>                                <\/div>\n                                <div class=\"testi-box_info\">\n                                                                            <h3 class=\"testi-box_name\">Elena si Dan T.<\/h3>\n                                                                                                        <\/div>\n                            <\/div>\n                            <div class=\"testi-box_icon\">\n                                <img decoding=\"async\" src=\"https:\/\/themeholy.com\/wordpress\/artraz\/wp-content\/uploads\/2023\/09\/testi_icon_1.svg\" alt=\"testi_icon_1\"  \/>                            <\/div>\n                        <\/div>\n                    <\/div>\n                                    <\/div>\n                <div class=\"icon-box style1\">\n                    <button data-slick-prev=\"#testiSlide1\" class=\"slick-arrow default\"><i class=\"fat fa-long-arrow-left\"><\/i><\/button>\n                    <button data-slick-next=\"#testiSlide1\" class=\"slick-arrow default\"><i class=\"fat fa-long-arrow-right\"><\/i><\/button>\n                <\/div>\n            <\/div>\n        <\/div>\n    <\/section>\n\n    \t\t\t\t<\/div>\n\t\t\t\t<\/div>\n\t\t\t\t<\/div>\n\t\t<div class=\"elementor-element elementor-element-e651cf0 animated-slow e-flex e-con-boxed elementor-invisible e-con e-parent\" data-id=\"e651cf0\" data-element_type=\"container\" data-e-type=\"container\" data-settings=\"{&quot;animation&quot;:&quot;slideInUp&quot;}\">\n\t\t\t\t\t<div class=\"e-con-inner\">\n\t\t\t\t<div class=\"elementor-element elementor-element-bb3b5b3 elementor-widget elementor-widget-artrazcounterup\" data-id=\"bb3b5b3\" data-element_type=\"widget\" data-e-type=\"widget\" data-widget_type=\"artrazcounterup.default\">\n\t\t\t\t<div class=\"elementor-widget-container\">\n\t\t\t\t\t\t\t\t\t\t<div class=\"row justify-content-center\">\n                <div class=\"col-xxl-10\">\n                    <div class=\"row align-items-center justify-content-center\">\n\t\t\t\t\t\t                        \t<div class=\"col-auto\">\n                            <span class=\"big-title e-counter-title mb-4 mb-md-0\">GMH<\/span><\/div>\n\t\t\t\t\t\t                        <div class=\"col-auto\">\n                            <div class=\"counter-card-wrap\">\n\t\t\t\t\t\t\t\t                                <div class=\"counter-card\">\n                                    <h3 class=\"counter-card_number\"><span class=\"counter-number\">15<\/span><\/h3>\n                                    <p class=\"counter-card_text\">Projects<\/p>\n                                <\/div>\n\t\t\t\t\t\t\t\t                                <div class=\"counter-card\">\n                                    <h3 class=\"counter-card_number\"><span class=\"counter-number\">60<\/span><\/h3>\n                                    <p class=\"counter-card_text\">Employees<\/p>\n                                <\/div>\n\t\t\t\t\t\t\t\t                                <div class=\"counter-card\">\n                                    <h3 class=\"counter-card_number\"><span class=\"counter-number\">43<\/span><\/h3>\n                                    <p class=\"counter-card_text\">Subcontractors<\/p>\n                                <\/div>\n\t\t\t\t\t\t\t\t                                <div class=\"counter-card\">\n                                    <h3 class=\"counter-card_number\"><span class=\"counter-number\">7<\/span><\/h3>\n                                    <p class=\"counter-card_text\">Services<\/p>\n                                <\/div>\n\t\t\t\t\t\t\t\t                            <\/div>\n                        <\/div>\n                    <\/div>\n                <\/div>\n            <\/div>\n\n    \t\t\t\t\t<\/div>\n\t\t\t\t<\/div>\n\t\t\t\t\t<\/div>\n\t\t\t\t<\/div>\n\t\t\t\t<\/div>","protected":false},"excerpt":{"rendered":"<p>GMH Interiors Despre noi Suntem o afacere de familie cu r\u0103d\u0103cinile l\u00e2ng\u0103 Bucure\u0219ti, Rom\u00e2nia. Fondat\u0103 \u00een 2017 din pasiunea pentru frumos \u0219i lemn, acum suntem o companie global\u0103 menit\u0103 s\u0103 satisfac\u0103 cele mai exigente cerin\u021be. Pasiunea \u0219i aspira\u021biile ne-au motivat \u0219i, astfel, am ajuns s\u0103 lucr\u0103m cu cele mai prestigioase firme din domeniul amenaj\u0103rilor interioare,&#8230;<\/p>","protected":false},"author":1,"featured_media":0,"parent":0,"menu_order":0,"comment_status":"closed","ping_status":"closed","template":"template-builder.php","meta":{"footnotes":""},"class_list":["post-2235","page","type-page","status-publish","hentry"],"_links":{"self":[{"href":"https:\/\/gmh-interiors.com\/en\/wp-json\/wp\/v2\/pages\/2235","targetHints":{"allow":["GET"]}}],"collection":[{"href":"https:\/\/gmh-interiors.com\/en\/wp-json\/wp\/v2\/pages"}],"about":[{"href":"https:\/\/gmh-interiors.com\/en\/wp-json\/wp\/v2\/types\/page"}],"author":[{"embeddable":true,"href":"https:\/\/gmh-interiors.com\/en\/wp-json\/wp\/v2\/users\/1"}],"replies":[{"embeddable":true,"href":"https:\/\/gmh-interiors.com\/en\/wp-json\/wp\/v2\/comments?post=2235"}],"version-history":[{"count":22,"href":"https:\/\/gmh-interiors.com\/en\/wp-json\/wp\/v2\/pages\/2235\/revisions"}],"predecessor-version":[{"id":2502,"href":"https:\/\/gmh-interiors.com\/en\/wp-json\/wp\/v2\/pages\/2235\/revisions\/2502"}],"wp:attachment":[{"href":"https:\/\/gmh-interiors.com\/en\/wp-json\/wp\/v2\/media?parent=2235"}],"curies":[{"name":"wp","href":"https:\/\/api.w.org\/{rel}","templated":true}]}}