{"id":2452,"date":"2024-08-21T14:40:48","date_gmt":"2024-08-21T14:40:48","guid":{"rendered":"https:\/\/gmh-interiors.com\/?page_id=2452"},"modified":"2024-08-23T10:36:24","modified_gmt":"2024-08-23T10:36:24","slug":"servicii-complete-de-finalizare-a-proiectelor","status":"publish","type":"page","link":"https:\/\/gmh-interiors.com\/en\/servicii-complete-de-finalizare-a-proiectelor\/","title":{"rendered":"Full Project Completion Services"},"content":{"rendered":"<div data-elementor-type=\"wp-page\" data-elementor-id=\"2452\" class=\"elementor elementor-2452\">\n\t\t\t\t<div class=\"elementor-element elementor-element-bf1b8a1 e-flex e-con-boxed e-con e-parent\" data-id=\"bf1b8a1\" data-element_type=\"container\" data-e-type=\"container\">\n\t\t\t\t\t<div class=\"e-con-inner\">\n\t\t<div class=\"elementor-element elementor-element-79cda7f e-con-full e-flex e-con e-child\" data-id=\"79cda7f\" data-element_type=\"container\" data-e-type=\"container\">\n\t\t\t\t<div class=\"elementor-element elementor-element-0ee7ac5 elementor-widget elementor-widget-image\" data-id=\"0ee7ac5\" data-element_type=\"widget\" data-e-type=\"widget\" data-widget_type=\"image.default\">\n\t\t\t\t<div class=\"elementor-widget-container\">\n\t\t\t\t\t\t\t\t\t\t\t\t\t\t\t<img fetchpriority=\"high\" decoding=\"async\" width=\"1600\" height=\"1186\" src=\"https:\/\/gmh-interiors.com\/wp-content\/uploads\/2024\/07\/gmh-project-4.jpg\" class=\"attachment-full size-full wp-image-2326\" alt=\"\" srcset=\"https:\/\/gmh-interiors.com\/wp-content\/uploads\/2024\/07\/gmh-project-4.jpg 1600w, https:\/\/gmh-interiors.com\/wp-content\/uploads\/2024\/07\/gmh-project-4-300x222.jpg 300w, https:\/\/gmh-interiors.com\/wp-content\/uploads\/2024\/07\/gmh-project-4-1024x759.jpg 1024w, https:\/\/gmh-interiors.com\/wp-content\/uploads\/2024\/07\/gmh-project-4-768x569.jpg 768w, https:\/\/gmh-interiors.com\/wp-content\/uploads\/2024\/07\/gmh-project-4-1536x1139.jpg 1536w, https:\/\/gmh-interiors.com\/wp-content\/uploads\/2024\/07\/gmh-project-4-600x445.jpg 600w\" sizes=\"(max-width: 1600px) 100vw, 1600px\" \/>\t\t\t\t\t\t\t\t\t\t\t\t\t\t\t<\/div>\n\t\t\t\t<\/div>\n\t\t\t\t<div class=\"elementor-element elementor-element-f697d78 elementor-widget elementor-widget-heading\" data-id=\"f697d78\" data-element_type=\"widget\" data-e-type=\"widget\" data-widget_type=\"heading.default\">\n\t\t\t\t<div class=\"elementor-widget-container\">\n\t\t\t\t\t<h3 class=\"elementor-heading-title elementor-size-default\">Full Project Completion Services<\/h3>\t\t\t\t<\/div>\n\t\t\t\t<\/div>\n\t\t\t\t<div class=\"elementor-element elementor-element-9d6173e elementor-widget elementor-widget-text-editor\" data-id=\"9d6173e\" data-element_type=\"widget\" data-e-type=\"widget\" data-widget_type=\"text-editor.default\">\n\t\t\t\t<div class=\"elementor-widget-container\">\n\t\t\t\t\t\t\t\t\t<p>We offer integrated project management and completion services, regardless of their nature, be it boats, living spaces, offices, hotels or other types of construction. We take over the works in the red stage and take care of all the necessary stages until handing over the fully finished turnkey project to the designated persons. Our expertise is based on close collaboration with all the parts involved, ensuring precise execution and compliance with the highest quality standards.<\/p>\t\t\t\t\t\t\t\t<\/div>\n\t\t\t\t<\/div>\n\t\t\t\t<\/div>\n\t\t<div class=\"elementor-element elementor-element-78545b7 e-con-full e-flex e-con e-child\" data-id=\"78545b7\" data-element_type=\"container\" data-e-type=\"container\">\n\t\t<div class=\"elementor-element elementor-element-054166e e-con-full e-flex e-con e-child\" data-id=\"054166e\" data-element_type=\"container\" data-e-type=\"container\">\n\t\t\t\t<div class=\"elementor-element elementor-element-8b07248 elementor-widget elementor-widget-artrazdownloadbutton\" data-id=\"8b07248\" data-element_type=\"widget\" data-e-type=\"widget\" data-widget_type=\"artrazdownloadbutton.default\">\n\t\t\t\t<div class=\"elementor-widget-container\">\n\t\t\t\t\t\n        <div class=\"widget widget_download\">\n            <h4 class=\"widget_title\">Services<\/h4>\n            <div class=\"donwload-media-wrap\">\n                                <div class=\"download-media\">\n                    <div class=\"download-media_icon\">\n                                            <\/div>\n                    <div class=\"download-media_info\">\n                        <h5 class=\"download-media_title\">Consultancy<\/h5>\n                        <span class=\"download-media_text\">GMH-Interiors<\/span>\n                    <\/div>\n                    <a href=\"\/en\/consultanta\/\" class=\"download-media_btn\"><i class=\"far fa-arrow-right\"><\/i><\/a>\n                <\/div>\n                                <div class=\"download-media\">\n                    <div class=\"download-media_icon\">\n                                            <\/div>\n                    <div class=\"download-media_info\">\n                        <h5 class=\"download-media_title\">Full Project Completion Services<\/h5>\n                        <span class=\"download-media_text\">From scratch to Turnkey Delivery\n<\/span>\n                    <\/div>\n                    <a href=\"\/en\/servicii-complete-de-finalizare-a-proiectelor\/\" class=\"download-media_btn\"><i class=\"far fa-arrow-right\"><\/i><\/a>\n                <\/div>\n                                <div class=\"download-media\">\n                    <div class=\"download-media_icon\">\n                                            <\/div>\n                    <div class=\"download-media_info\">\n                        <h5 class=\"download-media_title\">Wood Projects<\/h5>\n                        <span class=\"download-media_text\">Diversity and Superior Quality<\/span>\n                    <\/div>\n                    <a href=\"\/en\/proiecte-din-lemn\/\" class=\"download-media_btn\"><i class=\"far fa-arrow-right\"><\/i><\/a>\n                <\/div>\n                        <\/div>\n\n        \t\t\t\t<\/div>\n\t\t\t\t<\/div>\n\t\t\t\t<\/div>\n\t\t\t\t<div class=\"elementor-element elementor-element-9ff6b6e widget   elementor-widget elementor-widget-wp-widget-artraz_offer_banner_widget\" data-id=\"9ff6b6e\" data-element_type=\"widget\" data-e-type=\"widget\" data-widget_type=\"wp-widget-artraz_offer_banner_widget.default\">\n\t\t\t\t<div class=\"elementor-widget-container\">\n\t\t\t\t\t                <div class=\"widget-banner\">\n                    <h4 class=\"title\" data-bg-src=\"https:\/\/gmh-interiors.com\/wp-content\/uploads\/2024\/08\/contact-servicii.jpg\">Contact Us <br> <span class=\"text-transparent\">GMH-Interiors<\/span><\/h4>\n                    <div class=\"content\">\n                        <div>\n                            <a href=\"tel:+40727309332\" class=\"link\"><i class=\"fas fa-phone\"><\/i>+40 727 309 332<\/a>\n                        <\/div>\n                        <p class=\"text\">office@gmhinteriors.com<\/p>\n                                                    <a href=\"\/en\/contact\/\" class=\"th-btn\"><span class=\"line left\"><\/span> Contact <span class=\"line\"><\/span><\/a>\n                                            <\/div>\n                <\/div>\n\n        \t\t\t\t\t<\/div>\n\t\t\t\t<\/div>\n\t\t\t\t<\/div>\n\t\t\t\t\t<\/div>\n\t\t\t\t<\/div>\n\t\t\t\t<\/div>","protected":false},"excerpt":{"rendered":"<p>Servicii Complete de Finalizare a Proiectelor Oferim servicii integrate de gestionare \u0219i finalizare a proiectelor, indiferent de natura lor, fie c\u0103 este vorba despre ambarca\u021biuni, spa\u021bii de locuit, birouri, hoteluri sau alte tipuri de construc\u021bii. Prelu\u0103m lucr\u0103rile \u00een stadiul de ro\u0219u \u0219i ne ocup\u0103m de toate etapele necesare p\u00e2n\u0103 la predarea proiectului complet finisat, la&#8230;<\/p>","protected":false},"author":1,"featured_media":0,"parent":0,"menu_order":0,"comment_status":"closed","ping_status":"closed","template":"template-builder.php","meta":{"footnotes":""},"class_list":["post-2452","page","type-page","status-publish","hentry"],"_links":{"self":[{"href":"https:\/\/gmh-interiors.com\/en\/wp-json\/wp\/v2\/pages\/2452","targetHints":{"allow":["GET"]}}],"collection":[{"href":"https:\/\/gmh-interiors.com\/en\/wp-json\/wp\/v2\/pages"}],"about":[{"href":"https:\/\/gmh-interiors.com\/en\/wp-json\/wp\/v2\/types\/page"}],"author":[{"embeddable":true,"href":"https:\/\/gmh-interiors.com\/en\/wp-json\/wp\/v2\/users\/1"}],"replies":[{"embeddable":true,"href":"https:\/\/gmh-interiors.com\/en\/wp-json\/wp\/v2\/comments?post=2452"}],"version-history":[{"count":15,"href":"https:\/\/gmh-interiors.com\/en\/wp-json\/wp\/v2\/pages\/2452\/revisions"}],"predecessor-version":[{"id":2524,"href":"https:\/\/gmh-interiors.com\/en\/wp-json\/wp\/v2\/pages\/2452\/revisions\/2524"}],"wp:attachment":[{"href":"https:\/\/gmh-interiors.com\/en\/wp-json\/wp\/v2\/media?parent=2452"}],"curies":[{"name":"wp","href":"https:\/\/api.w.org\/{rel}","templated":true}]}}