{"id":2462,"date":"2024-08-21T14:42:27","date_gmt":"2024-08-21T14:42:27","guid":{"rendered":"https:\/\/gmh-interiors.com\/?page_id=2462"},"modified":"2024-08-23T10:33:51","modified_gmt":"2024-08-23T10:33:51","slug":"proiecte-din-lemn","status":"publish","type":"page","link":"https:\/\/gmh-interiors.com\/en\/proiecte-din-lemn\/","title":{"rendered":"Wood Projects"},"content":{"rendered":"<div data-elementor-type=\"wp-page\" data-elementor-id=\"2462\" class=\"elementor elementor-2462\">\n\t\t\t\t<div class=\"elementor-element elementor-element-bf1b8a1 e-flex e-con-boxed e-con e-parent\" data-id=\"bf1b8a1\" data-element_type=\"container\" data-e-type=\"container\">\n\t\t\t\t\t<div class=\"e-con-inner\">\n\t\t<div class=\"elementor-element elementor-element-79cda7f e-con-full e-flex e-con e-child\" data-id=\"79cda7f\" data-element_type=\"container\" data-e-type=\"container\">\n\t\t\t\t<div class=\"elementor-element elementor-element-0ee7ac5 elementor-widget elementor-widget-image\" data-id=\"0ee7ac5\" data-element_type=\"widget\" data-e-type=\"widget\" data-widget_type=\"image.default\">\n\t\t\t\t<div class=\"elementor-widget-container\">\n\t\t\t\t\t\t\t\t\t\t\t\t\t\t\t<img fetchpriority=\"high\" decoding=\"async\" width=\"960\" height=\"640\" src=\"https:\/\/gmh-interiors.com\/wp-content\/uploads\/2024\/08\/about-testim-2.jpg\" class=\"attachment-full size-full wp-image-2489\" alt=\"\" srcset=\"https:\/\/gmh-interiors.com\/wp-content\/uploads\/2024\/08\/about-testim-2.jpg 960w, https:\/\/gmh-interiors.com\/wp-content\/uploads\/2024\/08\/about-testim-2-300x200.jpg 300w, https:\/\/gmh-interiors.com\/wp-content\/uploads\/2024\/08\/about-testim-2-768x512.jpg 768w, https:\/\/gmh-interiors.com\/wp-content\/uploads\/2024\/08\/about-testim-2-600x400.jpg 600w\" sizes=\"(max-width: 960px) 100vw, 960px\" \/>\t\t\t\t\t\t\t\t\t\t\t\t\t\t\t<\/div>\n\t\t\t\t<\/div>\n\t\t\t\t<div class=\"elementor-element elementor-element-f697d78 elementor-widget elementor-widget-heading\" data-id=\"f697d78\" data-element_type=\"widget\" data-e-type=\"widget\" data-widget_type=\"heading.default\">\n\t\t\t\t<div class=\"elementor-widget-container\">\n\t\t\t\t\t<h3 class=\"elementor-heading-title elementor-size-default\">Wood Projects<\/h3>\t\t\t\t<\/div>\n\t\t\t\t<\/div>\n\t\t\t\t<div class=\"elementor-element elementor-element-9d6173e elementor-widget elementor-widget-text-editor\" data-id=\"9d6173e\" data-element_type=\"widget\" data-e-type=\"widget\" data-widget_type=\"text-editor.default\">\n\t\t\t\t<div class=\"elementor-widget-container\">\n\t\t\t\t\t\t\t\t\t<p>We have expertise in making a wide range of wooden constructions, adapted to your needs and preferences. From interior design and furniture, houses, A-frame cottages to gazebos and other wooden structures, we are committed to delivering high quality, durable and aesthetic solutions. Each project is approached with attention to detail and respect for technical specifications, ensuring results that combine functionality with outstanding design.<\/p>\t\t\t\t\t\t\t\t<\/div>\n\t\t\t\t<\/div>\n\t\t\t\t<\/div>\n\t\t<div class=\"elementor-element elementor-element-78545b7 e-con-full e-flex e-con e-child\" data-id=\"78545b7\" data-element_type=\"container\" data-e-type=\"container\">\n\t\t<div class=\"elementor-element elementor-element-054166e e-con-full e-flex e-con e-child\" data-id=\"054166e\" data-element_type=\"container\" data-e-type=\"container\">\n\t\t\t\t<div class=\"elementor-element elementor-element-8b07248 elementor-widget elementor-widget-artrazdownloadbutton\" data-id=\"8b07248\" data-element_type=\"widget\" data-e-type=\"widget\" data-widget_type=\"artrazdownloadbutton.default\">\n\t\t\t\t<div class=\"elementor-widget-container\">\n\t\t\t\t\t\n        <div class=\"widget widget_download\">\n            <h4 class=\"widget_title\">Services<\/h4>\n            <div class=\"donwload-media-wrap\">\n                                <div class=\"download-media\">\n                    <div class=\"download-media_icon\">\n                                            <\/div>\n                    <div class=\"download-media_info\">\n                        <h5 class=\"download-media_title\">Consultancy<\/h5>\n                        <span class=\"download-media_text\">GMH-Interiors<\/span>\n                    <\/div>\n                    <a href=\"\/en\/consultanta\/\" class=\"download-media_btn\"><i class=\"far fa-arrow-right\"><\/i><\/a>\n                <\/div>\n                                <div class=\"download-media\">\n                    <div class=\"download-media_icon\">\n                                            <\/div>\n                    <div class=\"download-media_info\">\n                        <h5 class=\"download-media_title\">Full Project Completion Services<\/h5>\n                        <span class=\"download-media_text\">From scratch to Turnkey Delivery\n<\/span>\n                    <\/div>\n                    <a href=\"\/en\/servicii-complete-de-finalizare-a-proiectelor\/\" class=\"download-media_btn\"><i class=\"far fa-arrow-right\"><\/i><\/a>\n                <\/div>\n                                <div class=\"download-media\">\n                    <div class=\"download-media_icon\">\n                                            <\/div>\n                    <div class=\"download-media_info\">\n                        <h5 class=\"download-media_title\">Wood Projects<\/h5>\n                        <span class=\"download-media_text\">Diversity and Superior Quality<\/span>\n                    <\/div>\n                    <a href=\"\/en\/proiecte-din-lemn\/\" class=\"download-media_btn\"><i class=\"far fa-arrow-right\"><\/i><\/a>\n                <\/div>\n                        <\/div>\n\n        \t\t\t\t<\/div>\n\t\t\t\t<\/div>\n\t\t\t\t<\/div>\n\t\t\t\t<div class=\"elementor-element elementor-element-9ff6b6e widget   elementor-widget elementor-widget-wp-widget-artraz_offer_banner_widget\" data-id=\"9ff6b6e\" data-element_type=\"widget\" data-e-type=\"widget\" data-widget_type=\"wp-widget-artraz_offer_banner_widget.default\">\n\t\t\t\t<div class=\"elementor-widget-container\">\n\t\t\t\t\t                <div class=\"widget-banner\">\n                    <h4 class=\"title\" data-bg-src=\"https:\/\/gmh-interiors.com\/wp-content\/uploads\/2024\/08\/contact-servicii.jpg\">Contact Us <br> <span class=\"text-transparent\">GMH-Interiors<\/span><\/h4>\n                    <div class=\"content\">\n                        <div>\n                            <a href=\"tel:+40727309332\" class=\"link\"><i class=\"fas fa-phone\"><\/i>+40 727 309 332<\/a>\n                        <\/div>\n                        <p class=\"text\">office@gmhinteriors.com<\/p>\n                                                    <a href=\"\/en\/contact\/\" class=\"th-btn\"><span class=\"line left\"><\/span> Contact <span class=\"line\"><\/span><\/a>\n                                            <\/div>\n                <\/div>\n\n        \t\t\t\t\t<\/div>\n\t\t\t\t<\/div>\n\t\t\t\t<\/div>\n\t\t\t\t\t<\/div>\n\t\t\t\t<\/div>\n\t\t\t\t<\/div>","protected":false},"excerpt":{"rendered":"<p>Proiecte din Lemn Detinem expertiz\u0103 \u00een realizarea unei game variate de construc\u021bii din lemn, adaptate nevoilor \u0219i preferin\u021belor dumneavoastr\u0103. De la amenajari interioare si mobilier, case, c\u0103su\u021be de tip A-frame p\u00e2n\u0103 la foi\u0219oare \u0219i alte structuri din lemn, ne angaj\u0103m s\u0103 livr\u0103m solu\u021bii de \u00eenalt\u0103 calitate, durabile \u0219i estetice. Fiecare proiect este abordat cu aten\u021bie&#8230;<\/p>","protected":false},"author":1,"featured_media":0,"parent":0,"menu_order":0,"comment_status":"closed","ping_status":"closed","template":"template-builder.php","meta":{"footnotes":""},"class_list":["post-2462","page","type-page","status-publish","hentry"],"_links":{"self":[{"href":"https:\/\/gmh-interiors.com\/en\/wp-json\/wp\/v2\/pages\/2462","targetHints":{"allow":["GET"]}}],"collection":[{"href":"https:\/\/gmh-interiors.com\/en\/wp-json\/wp\/v2\/pages"}],"about":[{"href":"https:\/\/gmh-interiors.com\/en\/wp-json\/wp\/v2\/types\/page"}],"author":[{"embeddable":true,"href":"https:\/\/gmh-interiors.com\/en\/wp-json\/wp\/v2\/users\/1"}],"replies":[{"embeddable":true,"href":"https:\/\/gmh-interiors.com\/en\/wp-json\/wp\/v2\/comments?post=2462"}],"version-history":[{"count":9,"href":"https:\/\/gmh-interiors.com\/en\/wp-json\/wp\/v2\/pages\/2462\/revisions"}],"predecessor-version":[{"id":2521,"href":"https:\/\/gmh-interiors.com\/en\/wp-json\/wp\/v2\/pages\/2462\/revisions\/2521"}],"wp:attachment":[{"href":"https:\/\/gmh-interiors.com\/en\/wp-json\/wp\/v2\/media?parent=2462"}],"curies":[{"name":"wp","href":"https:\/\/api.w.org\/{rel}","templated":true}]}}