{"id":2583,"date":"2024-09-09T11:59:23","date_gmt":"2024-09-09T11:59:23","guid":{"rendered":"https:\/\/gmh-interiors.com\/?page_id=2583"},"modified":"2024-09-09T12:00:58","modified_gmt":"2024-09-09T12:00:58","slug":"gdpr","status":"publish","type":"page","link":"https:\/\/gmh-interiors.com\/en\/gdpr\/","title":{"rendered":"GDPR"},"content":{"rendered":"<div data-elementor-type=\"wp-page\" data-elementor-id=\"2583\" class=\"elementor elementor-2583\">\n\t\t\t\t<div class=\"elementor-element elementor-element-67e94e8 e-flex e-con-boxed e-con e-parent\" data-id=\"67e94e8\" data-element_type=\"container\" data-e-type=\"container\">\n\t\t\t\t\t<div class=\"e-con-inner\">\n\t\t\t\t<div class=\"elementor-element elementor-element-c333cbf elementor-widget elementor-widget-text-editor\" data-id=\"c333cbf\" data-element_type=\"widget\" data-e-type=\"widget\" data-widget_type=\"text-editor.default\">\n\t\t\t\t<div class=\"elementor-widget-container\">\n\t\t\t\t\t\t\t\t\t<p>The rights of the data subject are provided by Chapter III of Regulation (EU) 2016\/679 of April 27, 2016.<\/p><p>What categories of personal data do we process<br \/>We collect personal data directly from you, so you have control over the type of information you provide us. We receive information from you as follows:<\/p><p>When you contact us through the form on the gmh-interiors.com site, you provide us with your email address, phone number, first and last name.<\/p><p>What are the purposes and grounds for processing data:<\/p><p>Providing gmh-interiors.com services for your benefit.<\/p><p>For Marketing<br \/>We want to keep you updated on the best offers for products that interest you. In this regard, we can send you general and thematic newsletters, information about services\/products similar or complementary to those you have purchased or shown interest in purchasing, and other similar commercial communications, and we can display personalized recommendations on the website. To provide information of interest to you, we may use certain data about your purchasing behavior to create a profile for you. We always ensure that these processes respect your rights and freedoms and that decisions based on them do not have legal effects on you and do not similarly affect you significantly.<br \/>How do we protect the security of your personal data<br \/>We are committed to ensuring the security of personal data by implementing appropriate technical and organizational measures, according to industry standards.<\/p><p>We store your personal data on secure servers, using encryption algorithms and ensuring storage redundancy.<\/p><p>Despite the measures taken to protect your personal data, we draw your attention to the fact that transmitting information over the Internet or through other public networks is not completely secure, with the risk that data may be viewed and used by unauthorized third parties. We cannot be responsible for such vulnerabilities of systems that are not under our control.<\/p>\t\t\t\t\t\t\t\t<\/div>\n\t\t\t\t<\/div>\n\t\t\t\t\t<\/div>\n\t\t\t\t<\/div>\n\t\t\t\t<\/div>","protected":false},"excerpt":{"rendered":"<p>Drepturile persoanei vizate sunt prev\u0103zute de Capitolul III din Regulamentul (UE) 2016\/679 din 27 aprilie 2016. Ce categorii de date cu caracter personal prelucr\u0103mColect\u0103m datele cu caracter personal direct de la dumneavoastr\u0103, astfel \u00eenc\u00e2t ave\u021bi controlul asupra tipului de informa\u021bie pe care ne-o oferi\u021bi. Primim informa\u021bii de la dumneavoastr\u0103 astfel: C\u00e2nd ne contactati prin formularul&#8230;<\/p>","protected":false},"author":1,"featured_media":0,"parent":0,"menu_order":0,"comment_status":"closed","ping_status":"closed","template":"","meta":{"footnotes":""},"class_list":["post-2583","page","type-page","status-publish","hentry"],"_links":{"self":[{"href":"https:\/\/gmh-interiors.com\/en\/wp-json\/wp\/v2\/pages\/2583","targetHints":{"allow":["GET"]}}],"collection":[{"href":"https:\/\/gmh-interiors.com\/en\/wp-json\/wp\/v2\/pages"}],"about":[{"href":"https:\/\/gmh-interiors.com\/en\/wp-json\/wp\/v2\/types\/page"}],"author":[{"embeddable":true,"href":"https:\/\/gmh-interiors.com\/en\/wp-json\/wp\/v2\/users\/1"}],"replies":[{"embeddable":true,"href":"https:\/\/gmh-interiors.com\/en\/wp-json\/wp\/v2\/comments?post=2583"}],"version-history":[{"count":3,"href":"https:\/\/gmh-interiors.com\/en\/wp-json\/wp\/v2\/pages\/2583\/revisions"}],"predecessor-version":[{"id":2586,"href":"https:\/\/gmh-interiors.com\/en\/wp-json\/wp\/v2\/pages\/2583\/revisions\/2586"}],"wp:attachment":[{"href":"https:\/\/gmh-interiors.com\/en\/wp-json\/wp\/v2\/media?parent=2583"}],"curies":[{"name":"wp","href":"https:\/\/api.w.org\/{rel}","templated":true}]}}