{"id":38,"date":"2023-09-24T05:51:03","date_gmt":"2023-09-24T05:51:03","guid":{"rendered":"https:\/\/themeholy.com\/wordpress\/artraz\/?page_id=38"},"modified":"2024-08-23T12:36:51","modified_gmt":"2024-08-23T12:36:51","slug":"servicii","status":"publish","type":"page","link":"https:\/\/gmh-interiors.com\/en\/servicii\/","title":{"rendered":"Services"},"content":{"rendered":"\t\t<div data-elementor-type=\"wp-page\" data-elementor-id=\"38\" class=\"elementor elementor-38\">\n\t\t\t\t<div class=\"elementor-element elementor-element-06d82cf animated-slow e-flex e-con-boxed elementor-invisible e-con e-parent\" data-id=\"06d82cf\" data-element_type=\"container\" data-e-type=\"container\" data-settings=\"{&quot;animation&quot;:&quot;slideInUp&quot;}\">\n\t\t\t\t\t<div class=\"e-con-inner\">\n\t\t\t\t<div class=\"elementor-element elementor-element-9fe3f7f elementor-widget elementor-widget-artrazservice\" data-id=\"9fe3f7f\" data-element_type=\"widget\" data-e-type=\"widget\" data-widget_type=\"artrazservice.default\">\n\t\t\t\t<div class=\"elementor-widget-container\">\n\t\t\t\t\t\n        \t\t\t\t\t\t\t<div class=\"row th-carousel\" data-slide-show=\"3\" data-md-slide-show=\"2\">\n\t\t\t\t\t\t\t\t\t\t\t<div class=\"col-md-6 col-lg-4\">\n\t\t\t\t\t<div class=\"service-card\">\n\t\t\t\t\t\t<div class=\"service-card_icon\">\n\t\t\t\t\t\t\t<img decoding=\"async\" src=\"https:\/\/themeholy.com\/wordpress\/artraz\/wp-content\/uploads\/2023\/09\/service_1_1.svg\" alt=\"service_1_1\"  class=\"svg-img\" \/>\t\t\t\t\t\t<\/div>\n\t\t\t\t\t\t\t\t\t\t\t\t\t<p class=\"service-card_num\">01<\/p>\n\t\t\t\t\t\t\t\t\t\t\t\t<h3 class=\"service-card_title\">Consultanta <\/h3>\n\t\t\t\t\t\t<p class=\"service-card_text\">\u00cen cadrul serviciilor noastre, oferim consultan\u021b\u0103 de specialitate \u00een selectarea materialelor potrivite pentru realizarea proiectelor dumneavoastr\u0103. <\/p>\n\t\t\t\t\t<\/div>\n\t\t\t\t<\/div>\n\t\t\t\t\t\t\t\t<div class=\"col-md-6 col-lg-4\">\n\t\t\t\t\t<div class=\"service-card\">\n\t\t\t\t\t\t<div class=\"service-card_icon\">\n\t\t\t\t\t\t\t<img decoding=\"async\" src=\"https:\/\/themeholy.com\/wordpress\/artraz\/wp-content\/uploads\/2023\/09\/service_1_2.svg\" alt=\"service_1_2\"  class=\"svg-img\" \/>\t\t\t\t\t\t<\/div>\n\t\t\t\t\t\t\t\t\t\t\t\t\t<p class=\"service-card_num\">02<\/p>\n\t\t\t\t\t\t\t\t\t\t\t\t<h3 class=\"service-card_title\">Servicii Complete de Finalizare a Proiectelor<\/h3>\n\t\t\t\t\t\t<p class=\"service-card_text\">De la Stadiul de Ro\u0219u la Predare la Cheie\n - Oferim servicii integrate de gestionare \u0219i finalizare a proiectelor, indiferent de natura lor<\/p>\n\t\t\t\t\t<\/div>\n\t\t\t\t<\/div>\n\t\t\t\t\t\t\t\t<div class=\"col-md-6 col-lg-4\">\n\t\t\t\t\t<div class=\"service-card\">\n\t\t\t\t\t\t<div class=\"service-card_icon\">\n\t\t\t\t\t\t\t<img decoding=\"async\" src=\"https:\/\/gmh-interiors.com\/wp-content\/uploads\/2023\/09\/service_1_6.svg\" alt=\"service_1_6\"  class=\"svg-img\" \/>\t\t\t\t\t\t<\/div>\n\t\t\t\t\t\t\t\t\t\t\t\t\t<p class=\"service-card_num\">03<\/p>\n\t\t\t\t\t\t\t\t\t\t\t\t<h3 class=\"service-card_title\">Proiecte din Lemn<\/h3>\n\t\t\t\t\t\t<p class=\"service-card_text\">Detinem expertiz\u0103 \u00een realizarea unei game variate de construc\u021bii din lemn, adaptate nevoilor \u0219i preferin\u021belor dumneavoastr\u0103. De la amenajari interioare si mobilier, c\u0103su\u021be de tip A-frame<\/p>\n\t\t\t\t\t<\/div>\n\t\t\t\t<\/div>\n\t\t\t\t\t\t\t<\/div>\n\n      \t\t\t\t<\/div>\n\t\t\t\t<\/div>\n\t\t\t\t\t<\/div>\n\t\t\t\t<\/div>\n\t\t<div class=\"elementor-element elementor-element-bc3a68f animated-slow e-flex e-con-boxed elementor-invisible e-con e-parent\" data-id=\"bc3a68f\" data-element_type=\"container\" data-e-type=\"container\" data-settings=\"{&quot;animation&quot;:&quot;slideInUp&quot;}\">\n\t\t\t\t\t<div class=\"e-con-inner\">\n\t\t<div class=\"elementor-element elementor-element-0257262 e-con-full e-flex e-con e-child\" data-id=\"0257262\" data-element_type=\"container\" data-e-type=\"container\">\n\t\t\t\t<div class=\"elementor-element elementor-element-fcfce28 elementor-widget__width-initial elementor-widget elementor-widget-artrazsectiontitle\" data-id=\"fcfce28\" data-element_type=\"widget\" data-e-type=\"widget\" data-widget_type=\"artrazsectiontitle.default\">\n\t\t\t\t<div class=\"elementor-widget-container\">\n\t\t\t\t\t\t\t<div class=\"title-area sec-title-area\">\n\n\t\t\t<span class=\"big-title  e-big-title\">GMH.<\/span><h2 class=\"sec-title\">CONTACTEAZA-NE  <span class=\"text-transparent\"><\/span><\/h2>\t\t<\/div>\n\n\t\t\t\t\t<\/div>\n\t\t\t\t<\/div>\n\t\t\t\t<\/div>\n\t\t\t\t\t<\/div>\n\t\t\t\t<\/div>\n\t\t<div class=\"elementor-element elementor-element-451cd63 e-flex e-con-boxed e-con e-parent\" data-id=\"451cd63\" data-element_type=\"container\" data-e-type=\"container\">\n\t\t\t\t\t<div class=\"e-con-inner\">\n\t\t<div class=\"elementor-element elementor-element-36a02a1 e-con-full animated-slow e-flex elementor-invisible e-con e-child\" data-id=\"36a02a1\" data-element_type=\"container\" data-e-type=\"container\" data-settings=\"{&quot;animation&quot;:&quot;slideInUp&quot;}\">\n\t\t\t\t<div class=\"elementor-element elementor-element-840d670 elementor-widget elementor-widget-artrazsectiontitle\" data-id=\"840d670\" data-element_type=\"widget\" data-e-type=\"widget\" data-widget_type=\"artrazsectiontitle.default\">\n\t\t\t\t<div class=\"elementor-widget-container\">\n\t\t\t\t\t\t\t<div class=\"sec-title-area\">\n\n\t\t\t<h2 class=\"sec-title\"> <br> <span class=\"text-theme\">Scrie-ne!<\/span><\/h2>\t\t<\/div>\n\n\t\t\t\t\t<\/div>\n\t\t\t\t<\/div>\n\t\t\t\t<div class=\"elementor-element elementor-element-9c0fd2f fluentform-widget-submit-button-custom elementor-widget elementor-widget-fluent-form-widget\" data-id=\"9c0fd2f\" data-element_type=\"widget\" data-e-type=\"widget\" data-widget_type=\"fluent-form-widget.default\">\n\t\t\t\t<div class=\"elementor-widget-container\">\n\t\t\t\t\t\n            <div class=\"fluentform-widget-wrapper hide-fluent-form-labels fluentform-widget-align-default\">\n\n            \n            <div class='fluentform ff-default fluentform_wrapper_1 ffs_default_wrap'><form data-form_id=\"1\" id=\"fluentform_1\" class=\"frm-fluent-form fluent_form_1 ff-el-form-top ff_form_instance_1_1 ff-form-loading ffs_default\" data-form_instance=\"ff_form_instance_1_1\" method=\"POST\" ><fieldset  style=\"border: none!important;margin: 0!important;padding: 0!important;background-color: transparent!important;box-shadow: none!important;outline: none!important; min-inline-size: 100%;\">\n                    <legend class=\"ff_screen_reader_title\" style=\"display: block; margin: 0!important;padding: 0!important;height: 0!important;text-indent: -999999px;width: 0!important;overflow:hidden;\">Formular de contact<\/legend><input type='hidden' name='__fluent_form_embded_post_id' value='202' \/><input type=\"hidden\" id=\"_fluentform_1_fluentformnonce\" name=\"_fluentform_1_fluentformnonce\" value=\"ae3975d60f\" \/><input type=\"hidden\" name=\"_wp_http_referer\" value=\"\/en\/wp-json\/wp\/v2\/pages\/38\" \/><div data-type=\"name-element\" data-name=\"names\" class=\" ff-field_container ff-name-field-wrapper\" ><div class='ff-t-container'><div class='ff-t-cell '><div class='ff-el-group'><div class=\"ff-el-input--label ff-el-is-required asterisk-right\"><label for='ff_1_names_first_name_' id='label_ff_1_names_first_name_' >Nume<\/label><\/div><div class='ff-el-input--content'><input type=\"text\" name=\"names[first_name]\" id=\"ff_1_names_first_name_\" class=\"ff-el-form-control\" placeholder=\"Nume\" aria-invalid=\"false\" aria-required=true><\/div><\/div><\/div><\/div><\/div><div data-name=\"ff_cn_id_1\"  class='ff-t-container ff-column-container ff_columns_total_2 '><div class='ff-t-cell ff-t-column-1' style='flex-basis: 50%;'><div class='ff-el-group'><div class=\"ff-el-input--label ff-el-is-required asterisk-right\"><label for='ff_1_email' id='label_ff_1_email' aria-label=\"Email\">Email<\/label><\/div><div class='ff-el-input--content'><input type=\"email\" name=\"email\" id=\"ff_1_email\" class=\"ff-el-form-control\" placeholder=\"Email\" data-name=\"email\"  aria-invalid=\"false\" aria-required=true><\/div><\/div><\/div><div class='ff-t-cell ff-t-column-2' style='flex-basis: 50%;'><div class='ff-el-group'><div class=\"ff-el-input--label ff-el-is-required asterisk-right\"><label for='ff_1_input_text' id='label_ff_1_input_text' aria-label=\"Telefon\">Telefon<\/label><\/div><div class='ff-el-input--content'><input type=\"text\" name=\"input_text\" class=\"ff-el-form-control\" placeholder=\"Telefon\" data-name=\"input_text\" id=\"ff_1_input_text\"  aria-invalid=\"false\" aria-required=true><\/div><\/div><\/div><\/div><div class='ff-el-group'><div class=\"ff-el-input--label ff-el-is-required asterisk-right\"><label for='ff_1_subject' id='label_ff_1_subject' aria-label=\"Ce problema intampinati?\">Ce problema intampinati?<\/label><\/div><div class='ff-el-input--content'><input type=\"text\" name=\"subject\" class=\"ff-el-form-control\" placeholder=\"Ce problema intampinati?\" data-name=\"subject\" id=\"ff_1_subject\"  aria-invalid=\"false\" aria-required=true><\/div><\/div><div class='ff-el-group'><div class=\"ff-el-input--label asterisk-right\"><label for='ff_1_message' id='label_ff_1_message' aria-label=\"Informatii Suplimentare\">Informatii Suplimentare<\/label><\/div><div class='ff-el-input--content'><textarea aria-required=\"false\" aria-labelledby=\"label_ff_1_message\" name=\"message\" id=\"ff_1_message\" class=\"ff-el-form-control\" placeholder=\"Informatii Suplimentare\" rows=\"6\" cols=\"2\" data-name=\"message\" ><\/textarea><\/div><\/div><div class='ff-el-group ff-text-left ff_submit_btn_wrapper'><button type=\"submit\" class=\"ff-btn ff-btn-submit ff-btn-md ff_btn_style\"  aria-label=\"Trimite\">Trimite<\/button><\/div><\/fieldset><\/form><div id='fluentform_1_errors' class='ff-errors-in-stack ff_form_instance_1_1 ff-form-loading_errors ff_form_instance_1_1_errors'><\/div><\/div>            <script type=\"text\/javascript\">\n                window.fluent_form_ff_form_instance_1_1 = {\"id\":\"1\",\"ajaxUrl\":\"https:\\\/\\\/gmh-interiors.com\\\/wp-admin\\\/admin-ajax.php\",\"settings\":{\"layout\":{\"labelPlacement\":\"top\",\"helpMessagePlacement\":\"with_label\",\"errorMessagePlacement\":\"inline\",\"cssClassName\":\"\",\"asteriskPlacement\":\"asterisk-right\"},\"restrictions\":{\"denyEmptySubmission\":{\"enabled\":false}}},\"form_instance\":\"ff_form_instance_1_1\",\"form_id_selector\":\"fluentform_1\",\"rules\":{\"names[first_name]\":{\"required\":{\"value\":true,\"message\":\"This field is required\",\"global\":false,\"global_message\":\"This field is required\"}},\"names[middle_name]\":{\"required\":{\"value\":false,\"message\":\"This field is required\",\"global\":false,\"global_message\":\"This field is required\"}},\"names[last_name]\":{\"required\":{\"value\":false,\"message\":\"This field is required\",\"global\":false,\"global_message\":\"This field is required\"}},\"email\":{\"required\":{\"value\":true,\"message\":\"This field is required\",\"global\":false,\"global_message\":\"This field is required\"},\"email\":{\"value\":true,\"message\":\"This field must contain a valid email\",\"global\":false,\"global_message\":\"This field must contain a valid email\"}},\"input_text\":{\"required\":{\"value\":true,\"message\":\"This field is required\",\"global_message\":\"This field is required\",\"global\":true}},\"subject\":{\"required\":{\"value\":true,\"message\":\"This field is required\",\"global\":true,\"global_message\":\"This field is required\"}},\"message\":{\"required\":{\"value\":false,\"message\":\"This field is required\",\"global\":false,\"global_message\":\"This field is required\"}}},\"debounce_time\":300};\n                            <\/script>\n                        <\/div>\n\n            \t\t\t\t<\/div>\n\t\t\t\t<\/div>\n\t\t\t\t<\/div>\n\t\t<div class=\"elementor-element elementor-element-54b6b90 e-con-full animated-slow e-flex elementor-invisible e-con e-child\" data-id=\"54b6b90\" data-element_type=\"container\" data-e-type=\"container\" data-settings=\"{&quot;animation&quot;:&quot;slideInUp&quot;}\">\n\t\t\t\t<div class=\"elementor-element elementor-element-40c6c12 elementor-widget elementor-widget-google_maps\" data-id=\"40c6c12\" data-element_type=\"widget\" data-e-type=\"widget\" data-widget_type=\"google_maps.default\">\n\t\t\t\t<div class=\"elementor-widget-container\">\n\t\t\t\t\t\t\t<div class=\"elementor-custom-embed\">\n\t\t\t<iframe loading=\"lazy\"\n\t\t\t\t\tsrc=\"https:\/\/maps.google.com\/maps?q=Str.%20Santierului%2013%2C%20Buftea%2C%20Ilfov%2C%20Romania&#038;t=m&#038;z=17&#038;output=embed&#038;iwloc=near\"\n\t\t\t\t\ttitle=\"Str. Santierului 13, Buftea, Ilfov, Romania\"\n\t\t\t\t\taria-label=\"Str. Santierului 13, Buftea, Ilfov, Romania\"\n\t\t\t><\/iframe>\n\t\t<\/div>\n\t\t\t\t\t\t<\/div>\n\t\t\t\t<\/div>\n\t\t\t\t<\/div>\n\t\t\t\t\t<\/div>\n\t\t\t\t<\/div>\n\t\t\t\t<\/div>\n\t\t","protected":false},"excerpt":{"rendered":"<p>01 Consultanta \u00cen cadrul serviciilor noastre, oferim consultan\u021b\u0103 de specialitate \u00een selectarea materialelor potrivite pentru realizarea proiectelor dumneavoastr\u0103. 02 Servicii Complete de Finalizare a Proiectelor De la Stadiul de Ro\u0219u la Predare la Cheie &#8211; Oferim servicii integrate de gestionare \u0219i finalizare a proiectelor, indiferent de natura lor 03 Proiecte din Lemn Detinem expertiz\u0103 \u00een&#8230;<\/p>","protected":false},"author":1,"featured_media":0,"parent":0,"menu_order":0,"comment_status":"closed","ping_status":"closed","template":"template-builder.php","meta":{"footnotes":""},"class_list":["post-38","page","type-page","status-publish","hentry"],"_links":{"self":[{"href":"https:\/\/gmh-interiors.com\/en\/wp-json\/wp\/v2\/pages\/38","targetHints":{"allow":["GET"]}}],"collection":[{"href":"https:\/\/gmh-interiors.com\/en\/wp-json\/wp\/v2\/pages"}],"about":[{"href":"https:\/\/gmh-interiors.com\/en\/wp-json\/wp\/v2\/types\/page"}],"author":[{"embeddable":true,"href":"https:\/\/gmh-interiors.com\/en\/wp-json\/wp\/v2\/users\/1"}],"replies":[{"embeddable":true,"href":"https:\/\/gmh-interiors.com\/en\/wp-json\/wp\/v2\/comments?post=38"}],"version-history":[{"count":16,"href":"https:\/\/gmh-interiors.com\/en\/wp-json\/wp\/v2\/pages\/38\/revisions"}],"predecessor-version":[{"id":2561,"href":"https:\/\/gmh-interiors.com\/en\/wp-json\/wp\/v2\/pages\/38\/revisions\/2561"}],"wp:attachment":[{"href":"https:\/\/gmh-interiors.com\/en\/wp-json\/wp\/v2\/media?parent=38"}],"curies":[{"name":"wp","href":"https:\/\/api.w.org\/{rel}","templated":true}]}}